{"id":3,"date":"2020-07-28T17:50:57","date_gmt":"2020-07-28T17:50:57","guid":{"rendered":"http:\/\/everlandibiza.com\/?page_id=3"},"modified":"2021-06-07T18:38:04","modified_gmt":"2021-06-07T18:38:04","slug":"aviso-legal","status":"publish","type":"page","link":"https:\/\/everlandibiza.com\/index.php\/aviso-legal\/","title":{"rendered":"Aviso Legal"},"content":{"rendered":"\t\t<div data-elementor-type=\"wp-page\" data-elementor-id=\"3\" class=\"elementor elementor-3\">\n\t\t\t\t\t\t<div class=\"elementor-inner\">\n\t\t\t\t<div class=\"elementor-section-wrap\">\n\t\t\t\t\t\t\t\t\t<section class=\"elementor-section elementor-top-section elementor-element elementor-element-3a1b31a4 elementor-section-boxed elementor-section-height-default elementor-section-height-default\" data-id=\"3a1b31a4\" data-element_type=\"section\">\n\t\t\t\t\t\t<div class=\"elementor-container elementor-column-gap-default\">\n\t\t\t\t\t\t\t<div class=\"elementor-row\">\n\t\t\t\t\t<div class=\"elementor-column elementor-col-100 elementor-top-column elementor-element elementor-element-6ed0edcd\" data-id=\"6ed0edcd\" data-element_type=\"column\">\n\t\t\t<div class=\"elementor-column-wrap elementor-element-populated\">\n\t\t\t\t\t\t\t<div class=\"elementor-widget-wrap\">\n\t\t\t\t\t\t<div class=\"elementor-element elementor-element-3916fb61 elementor-widget elementor-widget-text-editor\" data-id=\"3916fb61\" data-element_type=\"widget\" data-widget_type=\"text-editor.default\">\n\t\t\t\t<div class=\"elementor-widget-container\">\n\t\t\t\t\t\t\t\t<div class=\"elementor-text-editor elementor-clearfix\">\n\t\t\t\t<p>AVISO LEGAL<\/p>\n<p>1.- DATOS DEL TITULAR:<\/p>\n<p>El titular de la p\u00e1gina web (en adelante la \u201c<strong>Web<\/strong> \u201c) es L.M. GARC\u00cdA D\u00cdAZ, con CIF: 42773562W y los siguientes datos de contacto:<\/p>\n<p>Correo electr\u00f3nico: <a href=\"mailto:everland@movistar.es\">everland@movistar.es<\/a><\/p>\n<p>En adelante el \u201c<strong>Titular<\/strong>\u201d<\/p>\n<p>2.- OBJETO Y \u00c1MBITO DE APLICACI\u00d3N:<\/p>\n<p>El presente aviso legal regula el acceso, navegaci\u00f3n y utilizaci\u00f3n de la <strong>Web.<\/strong><\/p>\n<p>No obstante, el <strong>Titular<\/strong> se reserva el derecho a modificar la configuraci\u00f3n y contenidos de la Web en cualquier momento y a su sola discreci\u00f3n. El acceso a la <strong>Web<\/strong> tras la entrada en vigor de sus modificaciones o cambios suponen la aceptaci\u00f3n de los mismos.<\/p>\n<p>El acceso a la <strong>Web<\/strong> implica que usted reconoce haber le\u00eddo y comprendido el presente documento, y acepta cumplirlo en su totalidad. Si usted no est\u00e1 de acuerdo con alguna de las condiciones establecidas en el presente aviso legal deber\u00e1 dejar de acceder a la <strong>Web<\/strong>.<\/p>\n<p>3.- LICENCIA DE USO DE LA WEB:<\/p>\n<p>El <strong>Titular<\/strong> es el propietario y titular de todos los derechos sobre la <strong>Web<\/strong> y, en este sentido le otorga \u00fanicamente el derecho a utilizar la misma conforme a los usos para los que la misma ha sido dise\u00f1ada. Usted no adquirir\u00e1 a trav\u00e9s del uso de la <strong>Web<\/strong> ning\u00fan derecho de propiedad sobre la misma.<\/p>\n<p>4.- REGLAS DE USO:<\/p>\n<p>Cualquiera que acceda a la <strong>Web<\/strong> debe observar las leyes aplicables y los c\u00f3digos \u00e9ticos. De acuerdo con ello usted evitar\u00e1 realizar cualquier conducta que pueda suponer:<\/p>\n<ol type=\"a\">\n<li>Diseminar virus inform\u00e1ticos que puedan da\u00f1ar los programas o afectar a los contenidos, equipos o sistemas contenidos o disponibles a trav\u00e9s de la <strong>Web<\/strong>.<\/li>\n<li>Deshabilitar cualquier programa de ordenador que sirva como medida t\u00e9cnica de seguridad de la <strong>Web<\/strong>.<\/li>\n<li>Quebrantar, o intentar quebrantar, las medidas de seguridad de la Web o de cualquier red o servicio conectado a los mismos.<\/li>\n<li>Utilizar marcas, logos o signos distintivos de la <strong>Web<\/strong> incluyendo el nombre EVERLAND y su logo o de terceros incluidos en la <strong>Web<\/strong>, sin la autorizaci\u00f3n necesaria.<\/li>\n<li>Utilizar los contenidos de la <strong>Web<\/strong> con cualquier finalidad, incluida la finalidad comercial, sin autorizaci\u00f3n expresa.<\/li>\n<li>Transformar, comunicar al p\u00fablico, distribuir, ceder, reproducir o modificar los contenidos de la <strong>Web<\/strong>, excepto en lo que est\u00e9 permitido por la ley o cuando haya sido expresamente autorizado por el <strong>Titular<\/strong>.<\/li>\n<\/ol>\n<p>5.- ENLACES:<\/p>\n<p>El establecimiento de cualquier hiperenlace desde una p\u00e1gina web ajena a la <strong>Web<\/strong> estar\u00e1 sometido a las siguientes condiciones:<\/p>\n<ul>\n<li>La aplicaci\u00f3n o p\u00e1gina web que incluya un enlace a la <strong>Web<\/strong> no podr\u00e1 contener informaci\u00f3n o contenidos que puedan resultar ilegales o que sean contrarios a la moral, buenas costumbres, orden p\u00fablico o cualquier derecho de terceros.<\/li>\n<li>En ninguna circunstancia se establecer\u00e1 o se dar\u00e1 a entender que el <strong>Titular<\/strong> ha autorizado expresamente el link, o que lo ha supervisado, o asumir de ninguna manera que ha recomendado los servicios prestados o puestos a disposici\u00f3n en la aplicaci\u00f3n o el sitio web que se ha conectado mediante link a la <strong>Web<\/strong>.<\/li>\n<li>Establecer un link no implica en ning\u00fan caso la existencia de ninguna clase de relaci\u00f3n entre el <strong>Titular<\/strong> y el propietario de la aplicaci\u00f3n o p\u00e1gina web que haga la <strong>Web<\/strong> accesible mediante link ni la aceptaci\u00f3n o aprobaci\u00f3n de sus contenidos o servicios por parte del <strong>Titular<\/strong>.<\/li>\n<li>Los links solo pueden ser establecidos con respecto a cualquier aplicaci\u00f3n o p\u00e1gina web que est\u00e9 disponible de manera p\u00fablica y que no tenga acceso restringido a usuarios concretos, clientes o firmantes.<\/li>\n<\/ul>\n<p>El <strong>Titular<\/strong> no ser\u00e1 responsable del mal uso ni de las actividades contrarias a la ley la moral o el orden p\u00fablico que, en su caso, realicen los usuarios en las p\u00e1ginas enlazadas a trav\u00e9s de hiperenlaces que se encuentren en la <strong>Web<\/strong>.<\/p>\n<p>6.- RESPONSABILIDADES Y GARANT\u00cdAS<\/p>\n<p>El <strong>Titular<\/strong> declara que ha adoptado todas las medidas necesarias, dentro de sus posibilidades y del estado de la t\u00e9cnica, para garantizar el funcionamiento de la <strong>Web<\/strong> y evitar la existencia y transmisi\u00f3n de virus y dem\u00e1s componentes da\u00f1inos a los sistemas inform\u00e1ticos de terceros que accedan a la <strong>Web<\/strong>.<\/p>\n<p>7.- GENERALES<\/p>\n<p>El <strong>Titular<\/strong> podr\u00e1 dar por terminado, suspender o interrumpir, en cualquier momento sin necesidad de preaviso, el acceso a los contenidos disponibles en la <strong>Web<\/strong>, sin que usted tenga derecho alguno a su mantenimiento.<\/p>\n<p>El no ejercicio o ejecuci\u00f3n por parte del <strong>Titular<\/strong> de cualquier derecho o disposici\u00f3n contenida en el presente Aviso Legal no constituir\u00e1 una renuncia al mismo, salvo reconocimiento y acuerdo por escrito por su parte.<\/p>\n<p>El <strong>Titular<\/strong> se reserva el derecho a modificar la configuraci\u00f3n y contenido de la <strong>Web<\/strong>, as\u00ed como las condiciones requeridas para su acceso y\/o utilizaci\u00f3n, en cualquier momento y a su sola discreci\u00f3n.<\/p>\n<p>8.- LEY Y JURISDICCI\u00d3N APLICABLE<\/p>\n<p>Para toda cuesti\u00f3n litigiosa o que incumba a la <strong>Web<\/strong> ser\u00e1 de aplicaci\u00f3n la legislaci\u00f3n espa\u00f1ola, siendo competentes para la resoluci\u00f3n de todos los conflictos derivados o relacionados con el uso de la <strong>Web<\/strong>, los Juzgados y Tribunales de Madrid con renuncia expresa a cualquier otro fuero que pudiera corresponderles.<\/p>\t\t\t\t\t<\/div>\n\t\t\t\t\t\t<\/div>\n\t\t\t\t<\/div>\n\t\t\t\t\t\t<\/div>\n\t\t\t\t\t<\/div>\n\t\t<\/div>\n\t\t\t\t\t\t\t\t<\/div>\n\t\t\t\t\t<\/div>\n\t\t<\/section>\n\t\t\t\t\t\t\t\t\t<\/div>\n\t\t\t<\/div>\n\t\t\t\t\t<\/div>\n\t\t","protected":false},"excerpt":{"rendered":"<p>AVISO LEGAL 1.- DATOS DEL TITULAR: El titular de la p\u00e1gina web (en adelante la \u201cWeb \u201c) es L.M. GARC\u00cdA D\u00cdAZ, con CIF: 42773562W y los siguientes datos de contacto: Correo electr\u00f3nico: everland@movistar.es En adelante el \u201cTitular\u201d 2.- OBJETO Y \u00c1MBITO DE APLICACI\u00d3N: El presente aviso legal regula el acceso, navegaci\u00f3n y utilizaci\u00f3n de la &hellip;<\/p>\n<p class=\"read-more\"> <a class=\"\" href=\"https:\/\/everlandibiza.com\/index.php\/aviso-legal\/\"> <span class=\"screen-reader-text\">Aviso Legal<\/span> Read More &raquo;<\/a><\/p>\n","protected":false},"author":1,"featured_media":0,"parent":0,"menu_order":0,"comment_status":"closed","ping_status":"open","template":"","meta":{"site-sidebar-layout":"no-sidebar","site-content-layout":"plain-container","ast-global-header-display":"","ast-banner-title-visibility":"","ast-main-header-display":"","ast-hfb-above-header-display":"","ast-hfb-below-header-display":"","ast-hfb-mobile-header-display":"","site-post-title":"","ast-breadcrumbs-content":"","ast-featured-img":"","footer-sml-layout":"","theme-transparent-header-meta":"default","adv-header-id-meta":"","stick-header-meta":"","header-above-stick-meta":"","header-main-stick-meta":"","header-below-stick-meta":""},"_links":{"self":[{"href":"https:\/\/everlandibiza.com\/index.php\/wp-json\/wp\/v2\/pages\/3"}],"collection":[{"href":"https:\/\/everlandibiza.com\/index.php\/wp-json\/wp\/v2\/pages"}],"about":[{"href":"https:\/\/everlandibiza.com\/index.php\/wp-json\/wp\/v2\/types\/page"}],"author":[{"embeddable":true,"href":"https:\/\/everlandibiza.com\/index.php\/wp-json\/wp\/v2\/users\/1"}],"replies":[{"embeddable":true,"href":"https:\/\/everlandibiza.com\/index.php\/wp-json\/wp\/v2\/comments?post=3"}],"version-history":[{"count":4,"href":"https:\/\/everlandibiza.com\/index.php\/wp-json\/wp\/v2\/pages\/3\/revisions"}],"predecessor-version":[{"id":1443,"href":"https:\/\/everlandibiza.com\/index.php\/wp-json\/wp\/v2\/pages\/3\/revisions\/1443"}],"wp:attachment":[{"href":"https:\/\/everlandibiza.com\/index.php\/wp-json\/wp\/v2\/media?parent=3"}],"curies":[{"name":"wp","href":"https:\/\/api.w.org\/{rel}","templated":true}]}}